{"id":41901,"date":"2018-05-24T13:45:42","date_gmt":"2018-05-24T11:45:42","guid":{"rendered":"https:\/\/e326.greatsolution.dev\/?page_id=41901"},"modified":"2025-03-17T08:32:19","modified_gmt":"2025-03-17T07:32:19","slug":"data-protection","status":"publish","type":"page","link":"https:\/\/e326.greatsolution.dev\/en\/data-protection\/","title":{"rendered":"Privacy"},"content":{"rendered":"<h1 class=\"wp-block-heading\">Implementation of the provisions of the EU General Data Protection Regulation<\/h1>\n\n\n\n<p><strong>Dear Sir or Madam,<\/strong><\/p>\n\n\n\n<p>The EU General Data Protection Regulation (GDPR) applies in all EU member states. You can find the text of the regulation <a href=\"https:\/\/www.datenschutz-grundverordnung.eu\/eu-datenschutz-grundverordnung-eu-dsgvo\/dokumente-links-und-downloads\/\" target=\"_blank\" rel=\"noreferrer noopener\">here<\/a>.<\/p>\n\n\n\n<p><strong>In order to comply with the regulations, we would like to inform you below:<\/strong><\/p>\n\n\n\n<p>B4Bmedia.net AG collects, processes and uses personal data. This is only done with consent (example: subscription registration) and for the purpose of the services we offer and in accordance with the provisions of the GDPR. We naturally comply with the provisions of data protection and civil law.<\/p>\n\n\n\n<p>Furthermore, the collection of personal data only concerns those data which are necessary for the performance of the respective service or which you have provided to us voluntarily. Personal data means the following: Details of personal or factual circumstances (name, e-mail, address, telephone number, date of birth, age, gender, social security number, credit card information, fingerprints, video recordings, photos, voice recordings and the like. Sensitive data such as health data may also be affected in some cases.<\/p>\n\n\n\n<p>B4Bmedia.net may ask you to notify us of any changes to your data, as the GDPR gives you the right to information about your stored personal data, its origin and recipients and the purpose of data processing and, of course, a right to erasure, rectification, data portability, objection, restriction of processing and blocking of that data.<\/p>\n\n\n\n<p>You can also revoke any consent to the processing of personal data at any time by contacting our business address directly with your request for information, deletion, correction, objection and\/or data transfer.<\/p>\n\n\n\n<p>If you are of the opinion that the processing of your personal data by us violates\nviolates applicable data protection law, please contact us in this regard.\nplease contact us in this regard. You also have the option\nreport directly to the competent data protection authority. This is\nin our case, the State Office for Data Protection Supervision \/\/ P.O. Box 606,\n91511 Ansbach \/ Promenade 27 (Castle), 91522 Ansbach \/\/ Telephone: 0981\n53 - 1300 \/\/ E-mail: <a href=\"mailto:poststelle@lda.bayern.de\">poststelle@lda.bayern.de<\/a> \/\/ Internet: <a href=\"https:\/\/www.lda.brandenburg.de\" target=\"_blank\" rel=\"noopener\">https:\/\/www.lda.brandenburg.de<\/a><\/p>\n\n\n\n<p>In order to protect your data in the best possible way, we naturally take appropriate precautions, such as contractual agreements with partner companies, firewalls, password protection and regular updates. Of course, we attach particular importance to protection against unauthorized, accidental or illegal access, processing, use of manipulation and loss.<\/p>\n\n\n\n<p>Although we make every effort to ensure this, we can unfortunately never completely rule out the possibility that information which you send to us via the Internet may be viewed and used by other persons. We therefore ask you to note that we accept no liability whatsoever for the disclosure of information due to errors in data transmission not caused by us and\/or unauthorized access by third parties. (e.g.: hacker attacks on e-mail accounts, telephone or interception of faxes)<\/p>\n\n\n\n<p>We also assure you that we will only use the data you provide to us for the purpose of fulfilling our offer or for other purposes covered by the provisions of the GDPR. An exception to this is the use of data for statistical purposes, provided that the corresponding data has been anonymized.<\/p>\n\n\n\n<p>Our website uses <strong>No third party cookies<\/strong>. The switch to <strong>Usermaven<\/strong>a tool for cookie-less tracking (technical cookies only), we only collect anonymous usage data without storing third-party cookies on your device. This improves data protection and complies with current legal requirements.<\/p>\n\n\n\n<p>The protection of your data is very important to us. We are happy to be reached under\n the contact details listed in our imprint.<\/p>\n\n\n\n<p><strong>We thank you for your trust and remain with kind regards.<\/strong><\/p>\n\n\n\n<p><strong>B4Bmedia.net AG<\/strong><\/p>\n\n\n\n<hr class=\"wp-block-separator has-css-opacity is-style-wide\"\/>\n\n\n\n<h5 class=\"wp-block-heading\" id=\"datenschutz\"><strong>Privacy notices:<\/strong><\/h5>\n\n\n\n<p>The operator automatically saves technical information that your browser transmits in its server log files. This includes the browser type\/version, the referrer URL, the operating system used, the host name of the accessing computer (IP address) and the time of the server request. This data is used exclusively for technical analysis and operational security and is not merged with other data sources or used for profiling. There is no tracking via cookies or similar technologies.<\/p>\n\n\n\n<p><strong>Third country transfer<\/strong><\/p>\n\n\n\n<p>Insofar as data is processed outside the EU\/EEA and there is no level of data protection corresponding to the European standard, we have concluded EU standard contractual clauses with the service provider to establish an appropriate level of data protection.<\/p>\n\n\n\n<p><strong>Legal basis<\/strong><\/p>\n\n\n\n<p>The legal basis for this data processing is your consent pursuant to Art.6 para.1 p.1 lit.a DSGVO.<\/p>\n\n\n\n<h5 class=\"wp-block-heading\"><strong>Contact form<\/strong><\/h5>\n\n\n\n<p>All data entered by you in the contact form, will be transmitted via\ntransmitted by e-mail to the operator of this website and not stored on the\nstored on the server. It therefore comes under certain circumstances to a storage\nof your request in the backend systems used (mailbox,\ncustomer management system) if this is necessary to process your request.\nto process your request. Third parties do not have access to the\ndata. Your contact data will also not be used for marketing purposes\nmarketing purposes.<\/p>\n\n\n\n<div class=\"wp-block-group hidden\"><div class=\"wp-block-group__inner-container is-layout-flow wp-block-group-is-layout-flow\">\n<p><strong>Google Analytics:<\/strong><\/p>\n\n\n\n<p>This website uses Google Analytics, a web analytics service provided by Google, Inc (\"Google\"). Google Analytics uses \"cookies\", which are text files placed on your computer, to help the website analyze how users use the site. The information generated by the cookie about your use of the website (your IP address will be anonymized) will be transmitted to and stored by Google on servers in the United States. Google will use this information for the purpose of evaluating your use of the website, compiling reports on website activity for website operators and providing other services relating to website activity and internet usage. Google may also transfer this information to third parties where required to do so by law, or where such third parties process the information on Google's behalf. You may refuse the use of cookies by selecting the appropriate settings on your browser, or by clicking on the link after this statement, however please note that if you do this you may not be able to use the full functionality of this website. By using this website, you consent to the processing of data about you by Google in the manner and for the purposes set out above. <\/p>\n\n\n\n<p>[ga_optout]<\/p>\n<\/div><\/div>\n\n\n\n<h5 class=\"wp-block-heading\"><strong>Advanced Ads<\/strong><\/h5>\n\n\n\n<p>This site uses the Advanced Ads plug-in to display and analyze advertising. Imprint: <strong>Advanced Ads<\/strong> GmbH<\/p>\n\n\n\n<p>Hans-Fallada-Stra\u00dfe 20 17489 Greifswald, Germany, Privacy Policy:&nbsp;<a href=\"https:\/\/ajdg.solutions\/terms-of-service-and-privacy-policy\/\" target=\"_blank\" rel=\"noreferrer noopener\">hhttps:\/\/wpadvancedads.com\/privacy-policy\/<\/a><\/p>\n\n\n\n<h5 class=\"wp-block-heading\"><strong>Google Web Fonts<\/strong><\/h5>\n\n\n\n<p>This website may contain Google Web Fonts. This is a service,\nwhich enables us to obtain fonts that are pleasant for you to read directly from\n Google directly. During the delivery of the fonts, your IP address will be\ntransmission of your IP to Google.<\/p>\n\n\n\n<h5 class=\"wp-block-heading\"><strong>Rapidmail<\/strong><\/h5>\n\n\n\n<p>E3 Magazine sends out newsletters at regular intervals. To enable you to receive this newsletter, we collect some data when you register, which is stored by our newsletter provider Rapidmail.<\/p>\n\n\n\n<p>To subscribe to the newsletter offered on our website, you can register via our form. We use the so-called double opt-in procedure. Here, a confirmation email is first sent to your specified email address, with the request for confirmation. The registration only becomes effective when you click on the activation link contained in the confirmation email. We use your data transmitted to us exclusively for sending the newsletter, which may contain information or offer.<\/p>\n\n\n\n<p>We use rapidmail to send our newsletter. Your data will therefore be transmitted to rapidmail GmbH. In doing so, rapidmail GmbH is prohibited from using your data for purposes other than sending the newsletter. The rapidmail GmbH is not permitted to pass on or sell your data. rapidmail is a German, certified newsletter software provider, which was carefully selected according to the requirements of the DSGVO and the BDSG.<\/p>\n\n\n\n<p>You can revoke your consent to the storage of the data and its use for newsletter dispatch at any time, e.g. via the unsubscribe link in the newsletter.<\/p>\n\n\n\n<p>When registering for the newsletter of E-3 Magazin \/ B4Bmedia.net AG, all data provided by you will be sent to Rapidmail for the purpose of sending the newsletter and stored there.<\/p>\n\n\n\n<p>We use, according to the data protection regulations in the EU, a \"double opt-in\" procedure for registration as a result of which you will receive an email after registration to confirm your registration. This serves your protection. Of course, you have the option to unsubscribe from the newsletter at any time. You will find corresponding links in every e-mail. Unsubscribing by e-mail to <a href=\"mailto:web@b4bmedia.net\">web@b4bmedia.net<\/a> is of course also possible.<\/p>\n\n\n\n<h5 class=\"wp-block-heading\"><strong>More information<\/strong><\/h5>\n\n\n\n<p>Your trust is important to us. If you still have any questions, we will\nquestions regarding the processing of your personal data as well as about this\nprocessing of your personal data and about this\ndata protection declaration. Please contact us via the\ncontact form on this page or directly to us via the contact\ncontact information provided in the imprint.<\/p>\n\n\n\n<p><em>Source: The following imprint was created using the imprint template from firmenwebseiten.at.<\/em><\/p>\n\n\n\n<h5 class=\"wp-block-heading\"><strong>Disclaimer<\/strong><\/h5>\n\n\n\n<p>This disclaimer is to be regarded as part of the internet publication which you were\nfrom which reference was made to this website. If parts\n parts or individual formulations of this text are not legal or correct, the\nlegal situation, the remaining parts of the document shall remain unaffected in their\nthe remaining parts of the document in their content and validity.\nunaffected by this.<\/p>\n\n\n\n<h5 class=\"wp-block-heading\"><strong>Liability for the contents of this website<\/strong><\/h5>\n\n\n\n<p>The contents of these pages were created with the utmost care. For\nthe accuracy, completeness and timeliness of the contents, we can\ntake over however no guarantee.<\/p>\n\n\n\n<p>The control of further links is not reasonable. With\nof legal violations become known, we will of course remove such links immediately.\nremove such links immediately.<\/p>\n\n\n\n<h5 class=\"wp-block-heading\"><strong>Liability for links to third party websites<\/strong><\/h5>\n\n\n\n<p>Our offer contains links to external websites of third parties, on whose contents we have no influence.\non whose contents we have no influence. Therefore, we can for these foreign\nfor these foreign contents. For the contents of the linked\nthe respective provider or operator of the pages is always responsible\nresponsible. The linked pages were checked for possible legal\nchecked for possible legal violations at the time of linking. Illegal contents\nwere not recognizable at the time of linking. A permanent\ncontrol of the contents of the linked pages is not possible without\nindications of a violation of the law<\/p>\n\n\n\n<h5 class=\"wp-block-heading\"><strong>Copyright<\/strong><\/h5>\n\n\n\n<p>The operators of this website endeavor to respect the copyrights of others at all times\ncopyrights of others or to use their own works or works in the public domain.\nto fall back. The contents and works on this website created by the\nworks on this website are subject to copyright. Contributions of third parties\n are marked as such. The reproduction, editing, distribution\ndistribution and any kind of exploitation outside the limits of the copyright\ncopyright require the written consent of the respective author or creator.\nauthor or creator. Downloads and copies of this site are only\nprivate, non-commercial use only.<\/p>\n\n\n\n<h5 class=\"wp-block-heading\"><strong>Privacy policy for the use of YouTube<\/strong><\/h5>\n\n\n\n<p>Our website uses functions of the YouTube service. These functions are provided by YouTube, LLC, 901<br>Cherry Ave, San Bruno, CA 94066, USA. When you visit our website, you must accept the YouTube cookies in order to view videos. We do not use any additional cookies, are not affiliated with YouTube in any way and do not have access to the information that YouTube collects via its cookies.<\/p>\n\n\n\n<h5 class=\"wp-block-heading\"><strong>Personal data<\/strong><\/h5>\n\n\n\n<p>Personal data that you transmit electronically on this website\nsuch as your name, e-mail address, address or other personal data will only be\nother personal information, will only be used by us for the specified purpose, kept\npurpose, stored securely and not passed on to third parties. The\nprovider automatically collects and stores information on the web server such as\n browser used, operating system, referral page, IP address, time of\nof access, etc. This data cannot be assigned to any specific person without\nbe assigned to specific persons and we do not evaluate this data any further\nas long as there is no illegal use of our website.\nwebsite is present.<\/p>\n\n\n\n<h5 class=\"wp-block-heading\"><strong>Form data and comments<\/strong><\/h5>\n\n\n\n<p>Contact form:<\/p>\n\n\n\n<p>All data entered by you in the contact form will be transmitted by e-mail to the operator of this website and not stored on the server. It is therefore possible that your request may be stored in the backend systems used (mailbox, customer management system) if this is necessary to process your request. Third parties have no access to this data. Your contact data will also not be used or passed on for marketing purposes (with the exception of a marked authorization from you, see corresponding forms).<\/p>\n\n\n\n<p>B4Bmedia.net always endeavors to identify any data breaches or leaks at an early stage and, if necessary, to report them to you or the relevant supervisory authority without delay. Your data will not be stored for longer than is necessary to fulfill our contractual\/legal obligations.<\/p>\n\n\n\n<p>The protection of your data is very important to us. You can contact us using the contact details given in our legal notice.<\/p>\n\n\n\n<p>We thank you for your trust and remain with kind regards.<\/p>\n\n\n\n<p>Management<\/p>\n\n\n\n<p>B4Bmedia.net AG<\/p>\n\n\n\n<p>Freilassing, February 26, 2025<\/p>\n\n\n\n<h5 class=\"wp-block-heading\"><strong>Right to information<\/strong><\/h5>\n\n\n\n<p>You have the right to obtain information about your personal data at any time.\nstored data, their origin and recipient as well as the purpose of\n of the storage.<\/p>","protected":false},"excerpt":{"rendered":"<p>Implementation of the provisions of the EU General Data Protection Regulation Dear Sir or Madam, The EU General Data Protection Regulation (GDPR) applies in all EU member states. You can find the text of the regulation here. In order to comply with the provisions, we would like to inform you below: B4Bmedia.net AG collects, processes and uses personal data. This is only done with consent (example: subscription registration) and for the purpose of [...]<\/p>","protected":false},"author":38,"featured_media":41904,"parent":0,"menu_order":51,"comment_status":"closed","ping_status":"closed","template":"","meta":{"_acf_changed":false,"pmpro_default_level":"","footnotes":""},"coauthors":[19920],"class_list":["post-41901","page","type-page","status-publish","has-post-thumbnail","hentry","pmpro-has-access"],"acf":[],"featured_image_urls_v2":{"full":["https:\/\/e326.greatsolution.dev\/wp-content\/uploads\/2018\/05\/EU-DSGVO.jpg",1000,366,false],"thumbnail":["https:\/\/e326.greatsolution.dev\/wp-content\/uploads\/2018\/05\/EU-DSGVO-150x150.jpg",150,150,true],"medium":["https:\/\/e326.greatsolution.dev\/wp-content\/uploads\/2018\/05\/EU-DSGVO.jpg",400,146,false],"medium_large":["https:\/\/e326.greatsolution.dev\/wp-content\/uploads\/2018\/05\/EU-DSGVO-768x281.jpg",768,281,true],"large":["https:\/\/e326.greatsolution.dev\/wp-content\/uploads\/2018\/05\/EU-DSGVO.jpg",1000,366,false],"image-100":["https:\/\/e326.greatsolution.dev\/wp-content\/uploads\/2018\/05\/EU-DSGVO-100x37.jpg",100,37,true],"image-480":["https:\/\/e326.greatsolution.dev\/wp-content\/uploads\/2018\/05\/EU-DSGVO-480x176.jpg",480,176,true],"image-640":["https:\/\/e326.greatsolution.dev\/wp-content\/uploads\/2018\/05\/EU-DSGVO-640x234.jpg",640,234,true],"image-720":["https:\/\/e326.greatsolution.dev\/wp-content\/uploads\/2018\/05\/EU-DSGVO-720x264.jpg",720,264,true],"image-960":["https:\/\/e326.greatsolution.dev\/wp-content\/uploads\/2018\/05\/EU-DSGVO-960x351.jpg",960,351,true],"image-1168":["https:\/\/e326.greatsolution.dev\/wp-content\/uploads\/2018\/05\/EU-DSGVO.jpg",1000,366,false],"image-1440":["https:\/\/e326.greatsolution.dev\/wp-content\/uploads\/2018\/05\/EU-DSGVO.jpg",1000,366,false],"image-1920":["https:\/\/e326.greatsolution.dev\/wp-content\/uploads\/2018\/05\/EU-DSGVO.jpg",1000,366,false],"1536x1536":["https:\/\/e326.greatsolution.dev\/wp-content\/uploads\/2018\/05\/EU-DSGVO.jpg",1000,366,false],"2048x2048":["https:\/\/e326.greatsolution.dev\/wp-content\/uploads\/2018\/05\/EU-DSGVO.jpg",1000,366,false],"trp-custom-language-flag":["https:\/\/e326.greatsolution.dev\/wp-content\/uploads\/2018\/05\/EU-DSGVO.jpg",18,7,false],"bricks_large_16x9":["https:\/\/e326.greatsolution.dev\/wp-content\/uploads\/2018\/05\/EU-DSGVO.jpg",1000,366,false],"bricks_large":["https:\/\/e326.greatsolution.dev\/wp-content\/uploads\/2018\/05\/EU-DSGVO.jpg",1000,366,false],"bricks_large_square":["https:\/\/e326.greatsolution.dev\/wp-content\/uploads\/2018\/05\/EU-DSGVO.jpg",1000,366,false],"bricks_medium":["https:\/\/e326.greatsolution.dev\/wp-content\/uploads\/2018\/05\/EU-DSGVO.jpg",600,220,false],"bricks_medium_square":["https:\/\/e326.greatsolution.dev\/wp-content\/uploads\/2018\/05\/EU-DSGVO.jpg",600,220,false],"profile_24":["https:\/\/e326.greatsolution.dev\/wp-content\/uploads\/2018\/05\/EU-DSGVO-24x24.jpg",24,24,true],"profile_48":["https:\/\/e326.greatsolution.dev\/wp-content\/uploads\/2018\/05\/EU-DSGVO-48x48.jpg",48,48,true],"profile_96":["https:\/\/e326.greatsolution.dev\/wp-content\/uploads\/2018\/05\/EU-DSGVO-96x96.jpg",96,96,true],"profile_150":["https:\/\/e326.greatsolution.dev\/wp-content\/uploads\/2018\/05\/EU-DSGVO-150x150.jpg",150,150,true],"profile_300":["https:\/\/e326.greatsolution.dev\/wp-content\/uploads\/2018\/05\/EU-DSGVO-300x300.jpg",300,300,true]},"post_excerpt_stackable_v2":"<p>Sehr geehrte Damen und Herren, Die EU Datenschutz-Grundverordnung (DSGVO) gilt in allen EU-Staaten. Den Text der Verordnung finden Sie hier. Um den Bestimmungen nachzukommen, d\u00fcrfen wir Sie nachfolgend informieren: Die B4Bmedia.net AG erhebt, verarbeitet und nutzt personenbezogene Daten. Dies geschieht nur unter Einwilligung (Beispiel: Abonnement-Anmeldung) und zum Zwecke der von uns gebotenen Serviceleistungen und gem\u00e4\u00df den Bestimmungen der DSGVO. Wir folgen dabei selbstverst\u00e4ndlich den datenschutz- und zivilrechtlichen Bestimmungen. Weiteres sind von der Erhebung von personenbezogenen Daten ausschlie\u00dflich jene Daten betroffen, welche f\u00fcr die Durchf\u00fchrung der jeweiligen Serviceleistung notwendig sind, oder welche Sie uns freiwillig zur Verf\u00fcgung gestellt haben. Unter personenbezogenen&hellip;<\/p>\n","category_list_v2":"","author_info_v2":{"name":"E-3 Magazine","url":"https:\/\/e326.greatsolution.dev\/en\/author\/e-3-magazin\/"},"comments_num_v2":"0 comments","_links":{"self":[{"href":"https:\/\/e326.greatsolution.dev\/en\/wp-json\/wp\/v2\/pages\/41901","targetHints":{"allow":["GET"]}}],"collection":[{"href":"https:\/\/e326.greatsolution.dev\/en\/wp-json\/wp\/v2\/pages"}],"about":[{"href":"https:\/\/e326.greatsolution.dev\/en\/wp-json\/wp\/v2\/types\/page"}],"author":[{"embeddable":true,"href":"https:\/\/e326.greatsolution.dev\/en\/wp-json\/wp\/v2\/users\/38"}],"replies":[{"embeddable":true,"href":"https:\/\/e326.greatsolution.dev\/en\/wp-json\/wp\/v2\/comments?post=41901"}],"version-history":[{"count":5,"href":"https:\/\/e326.greatsolution.dev\/en\/wp-json\/wp\/v2\/pages\/41901\/revisions"}],"predecessor-version":[{"id":149700,"href":"https:\/\/e326.greatsolution.dev\/en\/wp-json\/wp\/v2\/pages\/41901\/revisions\/149700"}],"wp:featuredmedia":[{"embeddable":true,"href":"https:\/\/e326.greatsolution.dev\/en\/wp-json\/wp\/v2\/media\/41904"}],"wp:attachment":[{"href":"https:\/\/e326.greatsolution.dev\/en\/wp-json\/wp\/v2\/media?parent=41901"}],"wp:term":[{"taxonomy":"author","embeddable":true,"href":"https:\/\/e326.greatsolution.dev\/en\/wp-json\/wp\/v2\/coauthors?post=41901"}],"curies":[{"name":"wp","href":"https:\/\/api.w.org\/{rel}","templated":true}]}}