{"id":5066,"date":"2017-01-03T14:05:48","date_gmt":"2017-01-03T13:05:48","guid":{"rendered":"https:\/\/e326.greatsolution.dev\/?page_id=5066"},"modified":"2024-11-18T10:52:44","modified_gmt":"2024-11-18T09:52:44","slug":"uni-fh-subscription","status":"publish","type":"page","link":"https:\/\/e326.greatsolution.dev\/en\/subscription\/uni-fh-subscription\/","title":{"rendered":"University and technical school subscription"},"content":{"rendered":"<h1 class=\"wp-block-heading\">University and technical school subscription<\/h1>\n\n\n\n<p>You receive 10 issues free of charge for all media channels<strong>,<\/strong> upon presentation of the proof of authorization.\n(The proof of authorization must be sent by mail to B4BMedia.net AG, M\u00fcnchener Str. 8, 83395 Freilassing, Germany, or by mail as a PDF to <a href=\"mailto:office@B4Bmedia.net\">office@B4Bmedia.net<\/a> or fax at the no. <a href=\"tel:00498654771300\">+ 49 (0)8654771300<\/a> to be submitted)<\/p>\n\n\n\n<p>Here you have the possibility to register for the university and technical school subscription. Please fill out the form below:<\/p>\n\n\n\n<p><strong>[forminator_form id=\"66151\u2033]<\/strong><\/p>\n\n\n\n<div class=\"wp-block-ugb-button ugb-button-wrapper ugb-9168519 ugb-main-block\"><style>.ugb-9168519 .ugb-block-content{justify-content:flex-start !important}.ugb-9168519 .ugb-button1{background-color:#68a823}.ugb-9168519 .ugb-button1 .ugb-button--inner,.ugb-9168519 .ugb-button1 svg:not(.ugb-custom-icon){color:#ffffff !important}.ugb-9168519 .ugb-inner-block{text-align:left}<\/style><div class=\"ugb-inner-block\"><div class=\"ugb-block-content\"><div class=\"ugb-button-container\"><a class=\"ugb-button1 ugb-button ugb-button--size-normal\" href=\"\/\/e326.greatsolution.dev\/wp-content\/uploads\/2023\/10\/Abonnement_AGBs_2023_09_26-2-.pdf\" target=\"_blank\" rel=\"noopener noreferrer\" title=\"\"><span class=\"ugb-button--inner\">Subscription GTCs as of 1.2.2018<\/span><\/a><\/div><\/div><\/div><\/div>","protected":false},"excerpt":{"rendered":"<p>University and technical college subscription You will receive 10 issues free of charge for all media channels on presentation of proof of entitlement. (Proof of eligibility must be sent by post to B4BMedia.net AG, M\u00fcnchener Str. 8, 83395 Freilassing, Germany, or by e-mail as a PDF to office@B4Bmedia.net or fax to + 49 (0)8654771300) Here you have the opportunity to register for the university and technical college subscription [...].<\/p>","protected":false},"author":5,"featured_media":120455,"parent":64498,"menu_order":5,"comment_status":"closed","ping_status":"closed","template":"","meta":{"_acf_changed":false,"pmpro_default_level":"","footnotes":""},"coauthors":[38854],"class_list":["post-5066","page","type-page","status-publish","has-post-thumbnail","hentry","pmpro-has-access"],"acf":[],"featured_image_urls_v2":{"full":["https:\/\/e326.greatsolution.dev\/wp-content\/uploads\/2022\/12\/Abo_Unterseiten.jpg",1200,540,false],"thumbnail":["https:\/\/e326.greatsolution.dev\/wp-content\/uploads\/2022\/12\/Abo_Unterseiten-150x150.jpg",150,150,true],"medium":["https:\/\/e326.greatsolution.dev\/wp-content\/uploads\/2022\/12\/Abo_Unterseiten-400x180.jpg",400,180,true],"medium_large":["https:\/\/e326.greatsolution.dev\/wp-content\/uploads\/2022\/12\/Abo_Unterseiten-768x346.jpg",768,346,true],"large":["https:\/\/e326.greatsolution.dev\/wp-content\/uploads\/2022\/12\/Abo_Unterseiten.jpg",1200,540,false],"image-100":["https:\/\/e326.greatsolution.dev\/wp-content\/uploads\/2022\/12\/Abo_Unterseiten-100x45.jpg",100,45,true],"image-480":["https:\/\/e326.greatsolution.dev\/wp-content\/uploads\/2022\/12\/Abo_Unterseiten-480x216.jpg",480,216,true],"image-640":["https:\/\/e326.greatsolution.dev\/wp-content\/uploads\/2022\/12\/Abo_Unterseiten-640x288.jpg",640,288,true],"image-720":["https:\/\/e326.greatsolution.dev\/wp-content\/uploads\/2022\/12\/Abo_Unterseiten-720x324.jpg",720,324,true],"image-960":["https:\/\/e326.greatsolution.dev\/wp-content\/uploads\/2022\/12\/Abo_Unterseiten-960x432.jpg",960,432,true],"image-1168":["https:\/\/e326.greatsolution.dev\/wp-content\/uploads\/2022\/12\/Abo_Unterseiten-1168x526.jpg",1168,526,true],"image-1440":["https:\/\/e326.greatsolution.dev\/wp-content\/uploads\/2022\/12\/Abo_Unterseiten.jpg",1200,540,false],"image-1920":["https:\/\/e326.greatsolution.dev\/wp-content\/uploads\/2022\/12\/Abo_Unterseiten.jpg",1200,540,false],"1536x1536":["https:\/\/e326.greatsolution.dev\/wp-content\/uploads\/2022\/12\/Abo_Unterseiten.jpg",1200,540,false],"2048x2048":["https:\/\/e326.greatsolution.dev\/wp-content\/uploads\/2022\/12\/Abo_Unterseiten.jpg",1200,540,false],"trp-custom-language-flag":["https:\/\/e326.greatsolution.dev\/wp-content\/uploads\/2022\/12\/Abo_Unterseiten.jpg",18,8,false],"bricks_large_16x9":["https:\/\/e326.greatsolution.dev\/wp-content\/uploads\/2022\/12\/Abo_Unterseiten.jpg",1200,540,false],"bricks_large":["https:\/\/e326.greatsolution.dev\/wp-content\/uploads\/2022\/12\/Abo_Unterseiten.jpg",1200,540,false],"bricks_large_square":["https:\/\/e326.greatsolution.dev\/wp-content\/uploads\/2022\/12\/Abo_Unterseiten.jpg",1200,540,false],"bricks_medium":["https:\/\/e326.greatsolution.dev\/wp-content\/uploads\/2022\/12\/Abo_Unterseiten.jpg",600,270,false],"bricks_medium_square":["https:\/\/e326.greatsolution.dev\/wp-content\/uploads\/2022\/12\/Abo_Unterseiten.jpg",600,270,false],"profile_24":["https:\/\/e326.greatsolution.dev\/wp-content\/uploads\/2022\/12\/Abo_Unterseiten-24x24.jpg",24,24,true],"profile_48":["https:\/\/e326.greatsolution.dev\/wp-content\/uploads\/2022\/12\/Abo_Unterseiten-48x48.jpg",48,48,true],"profile_96":["https:\/\/e326.greatsolution.dev\/wp-content\/uploads\/2022\/12\/Abo_Unterseiten-96x96.jpg",96,96,true],"profile_150":["https:\/\/e326.greatsolution.dev\/wp-content\/uploads\/2022\/12\/Abo_Unterseiten-150x150.jpg",150,150,true],"profile_300":["https:\/\/e326.greatsolution.dev\/wp-content\/uploads\/2022\/12\/Abo_Unterseiten-300x300.jpg",300,300,true]},"post_excerpt_stackable_v2":"<p>Sie erhalten&nbsp;kostenfrei 10 Ausgaben f\u00fcr alle Medienkan\u00e4le, bei Vorlage des Berechtigungsnachweises. (Der Berechtigungsnachweis ist per Post an B4BMedia.net AG, M\u00fcnchener Str. 8, 83395 Freilassing, Deutschland, oder per Mail als PDF an office@B4Bmedia.net oder Fax unter der Nr. + 49 (0)8654771300 einzureichen) Hier haben Sie die M\u00f6glichkeit, sich f\u00fcr das Universit\u00e4ts- und Fachschul-Abonnement anzumelden. F\u00fcllen Sie daf\u00fcr bitte untenstehendes Formular aus: [forminator_form id=&#8221;66151&#8243;] Abonnement AGBs Stand 1.2.2018<\/p>\n","category_list_v2":"","author_info_v2":{"name":"Peter M., E-3 Magazine","url":"https:\/\/e326.greatsolution.dev\/en\/author\/peter-m\/"},"comments_num_v2":"0 comments","_links":{"self":[{"href":"https:\/\/e326.greatsolution.dev\/en\/wp-json\/wp\/v2\/pages\/5066","targetHints":{"allow":["GET"]}}],"collection":[{"href":"https:\/\/e326.greatsolution.dev\/en\/wp-json\/wp\/v2\/pages"}],"about":[{"href":"https:\/\/e326.greatsolution.dev\/en\/wp-json\/wp\/v2\/types\/page"}],"author":[{"embeddable":true,"href":"https:\/\/e326.greatsolution.dev\/en\/wp-json\/wp\/v2\/users\/5"}],"replies":[{"embeddable":true,"href":"https:\/\/e326.greatsolution.dev\/en\/wp-json\/wp\/v2\/comments?post=5066"}],"version-history":[{"count":2,"href":"https:\/\/e326.greatsolution.dev\/en\/wp-json\/wp\/v2\/pages\/5066\/revisions"}],"predecessor-version":[{"id":135325,"href":"https:\/\/e326.greatsolution.dev\/en\/wp-json\/wp\/v2\/pages\/5066\/revisions\/135325"}],"up":[{"embeddable":true,"href":"https:\/\/e326.greatsolution.dev\/en\/wp-json\/wp\/v2\/pages\/64498"}],"wp:featuredmedia":[{"embeddable":true,"href":"https:\/\/e326.greatsolution.dev\/en\/wp-json\/wp\/v2\/media\/120455"}],"wp:attachment":[{"href":"https:\/\/e326.greatsolution.dev\/en\/wp-json\/wp\/v2\/media?parent=5066"}],"wp:term":[{"taxonomy":"author","embeddable":true,"href":"https:\/\/e326.greatsolution.dev\/en\/wp-json\/wp\/v2\/coauthors?post=5066"}],"curies":[{"name":"wp","href":"https:\/\/api.w.org\/{rel}","templated":true}]}}