{"id":41901,"date":"2018-05-24T13:45:42","date_gmt":"2018-05-24T11:45:42","guid":{"rendered":"https:\/\/e326.greatsolution.dev\/?page_id=41901"},"modified":"2025-03-17T08:32:19","modified_gmt":"2025-03-17T07:32:19","slug":"proteccion-de-datos","status":"publish","type":"page","link":"https:\/\/e326.greatsolution.dev\/es\/proteccion-de-datos\/","title":{"rendered":"Protecci\u00f3n de datos"},"content":{"rendered":"<h1 class=\"wp-block-heading\">Aplicaci\u00f3n de las disposiciones del Reglamento general de protecci\u00f3n de datos de la UE<\/h1>\n\n\n\n<p><strong>Estimadas se\u00f1oras y se\u00f1ores<\/strong><\/p>\n\n\n\n<p>El Reglamento General de Protecci\u00f3n de Datos de la UE (RGPD) se aplica en todos los Estados miembros de la UE. Puede consultar el texto del Reglamento <a href=\"https:\/\/www.datenschutz-grundverordnung.eu\/eu-datenschutz-grundverordnung-eu-dsgvo\/dokumente-links-und-downloads\/\" target=\"_blank\" rel=\"noreferrer noopener\">aqu\u00ed<\/a>.<\/p>\n\n\n\n<p><strong>Para cumplir la normativa, le informamos a continuaci\u00f3n:<\/strong><\/p>\n\n\n\n<p>B4Bmedia.net AG recopila, procesa y utiliza datos personales. Esto s\u00f3lo se hace con el consentimiento (ejemplo: registro de suscripci\u00f3n) y con el prop\u00f3sito de los servicios que ofrecemos y de conformidad con las disposiciones del GDPR. Naturalmente, cumplimos las disposiciones de la protecci\u00f3n de datos y del derecho civil.<\/p>\n\n\n\n<p>Adem\u00e1s, la recogida de datos personales s\u00f3lo se refiere a los datos que son necesarios para la prestaci\u00f3n del servicio correspondiente o que usted nos ha facilitado voluntariamente. Por datos personales se entiende lo siguiente Datos sobre circunstancias personales o de hecho (nombre, correo electr\u00f3nico, direcci\u00f3n, n\u00famero de tel\u00e9fono, fecha de nacimiento, edad, sexo, n\u00famero de la seguridad social, informaci\u00f3n sobre tarjetas de cr\u00e9dito, huellas dactilares, grabaciones de v\u00eddeo, fotos, grabaciones de voz y similares. En algunos casos tambi\u00e9n pueden verse afectados datos sensibles, como los relativos a la salud.<\/p>\n\n\n\n<p>B4Bmedia.net podr\u00e1 solicitarle que nos notifique cualquier modificaci\u00f3n de sus datos, ya que el GDPR le otorga el derecho a la informaci\u00f3n sobre sus datos personales almacenados, su origen y destinatarios y la finalidad del tratamiento de los datos y, por supuesto, el derecho a la supresi\u00f3n, rectificaci\u00f3n, portabilidad de datos, oposici\u00f3n, limitaci\u00f3n del tratamiento y bloqueo de dichos datos.<\/p>\n\n\n\n<p>Tambi\u00e9n puede revocar en cualquier momento su consentimiento para el tratamiento de sus datos personales dirigi\u00e9ndose directamente a nuestra direcci\u00f3n comercial con su solicitud de informaci\u00f3n, supresi\u00f3n, rectificaci\u00f3n, oposici\u00f3n y\/o transferencia de datos.<\/p>\n\n\n\n<p>Si considera que el tratamiento de sus datos personales por nuestra parte infringe\ninfringe la legislaci\u00f3n aplicable en materia de protecci\u00f3n de datos, p\u00f3ngase en contacto con nosotros al respecto.\np\u00f3ngase en contacto con nosotros a este respecto. Tambi\u00e9n tiene la opci\u00f3n de\ninformar directamente a la autoridad competente en materia de protecci\u00f3n de datos. \u00c9sta es\nen nuestro caso, la Oficina Estatal de Supervisi\u00f3n de Protecci\u00f3n de Datos \/\/ P.O. Box 606,\n91511 Ansbach \/ Paseo 27 (Castillo), 91522 Ansbach \/\/ Tel\u00e9fono: 0981\n53 - 1300 \/\/ Correo electr\u00f3nico: <a href=\"mailto:poststelle@lda.bayern.de\">poststelle@lda.bayern.de<\/a> \/\/ Internet: <a href=\"https:\/\/www.lda.brandenburg.de\" target=\"_blank\" rel=\"noopener\">https:\/\/www.lda.brandenburg.de<\/a><\/p>\n\n\n\n<p>Para proteger sus datos de la mejor manera posible, naturalmente tomamos las precauciones adecuadas, como acuerdos contractuales con empresas asociadas, cortafuegos, protecci\u00f3n mediante contrase\u00f1a y actualizaciones peri\u00f3dicas. Por supuesto, concedemos especial importancia a la protecci\u00f3n contra el acceso, el tratamiento, el uso de la manipulaci\u00f3n y la p\u00e9rdida no autorizados, accidentales o il\u00edcitos.<\/p>\n\n\n\n<p>Aunque hacemos todo lo posible para garantizarlo, lamentablemente nunca podremos excluir por completo la posibilidad de que la informaci\u00f3n que nos env\u00ede a trav\u00e9s de Internet pueda ser vista y utilizada por otras personas. Por ello, le rogamos tenga en cuenta que no asumimos responsabilidad alguna por la divulgaci\u00f3n de informaci\u00f3n debida a errores en la transmisi\u00f3n de datos no causados por nosotros y\/o al acceso no autorizado por parte de terceros. (por ejemplo: ataques de piratas inform\u00e1ticos a cuentas de correo electr\u00f3nico, tel\u00e9fono o interceptaci\u00f3n de faxes)<\/p>\n\n\n\n<p>Tambi\u00e9n garantizamos que los datos que nos proporcione solo se utilizar\u00e1n para cumplir nuestra oferta o para otros fines contemplados en las disposiciones del GDPR. Una excepci\u00f3n es el uso de datos con fines estad\u00edsticos, siempre que los datos correspondientes se hayan anonimizado.<\/p>\n\n\n\n<p>Nuestro sitio web utiliza <strong>Sin cookies de terceros<\/strong>. El cambio a <strong>Usermaven<\/strong>una herramienta de seguimiento sin cookies (solo cookies t\u00e9cnicas), solo recopilamos datos de uso an\u00f3nimos sin almacenar cookies de terceros en su dispositivo. Esto mejora la protecci\u00f3n de datos y cumple los requisitos legales vigentes.<\/p>\n\n\n\n<p>La protecci\u00f3n de sus datos es muy importante para nosotros. Estaremos encantados de que se ponga en contacto con nosotros a trav\u00e9s de\n los datos de contacto que figuran en nuestro pie de imprenta.<\/p>\n\n\n\n<p><strong>Le agradecemos su confianza y le saludamos atentamente.<\/strong><\/p>\n\n\n\n<p><strong>B4Bmedia.net AG<\/strong><\/p>\n\n\n\n<hr class=\"wp-block-separator has-css-opacity is-style-wide\"\/>\n\n\n\n<h5 class=\"wp-block-heading\" id=\"datenschutz\"><strong>Avisos de privacidad:<\/strong><\/h5>\n\n\n\n<p>El operador guarda autom\u00e1ticamente la informaci\u00f3n t\u00e9cnica que su navegador transmite en sus archivos de registro del servidor. Esto incluye el tipo\/versi\u00f3n de navegador, la URL de referencia, el sistema operativo utilizado, el nombre de host del ordenador que accede (direcci\u00f3n IP) y la hora de la consulta al servidor. Estos datos se utilizan exclusivamente para an\u00e1lisis t\u00e9cnicos y seguridad operativa y no se fusionan con otras fuentes de datos ni se utilizan para la elaboraci\u00f3n de perfiles. No se realiza ning\u00fan seguimiento mediante cookies o tecnolog\u00edas similares.<\/p>\n\n\n\n<p><strong>Transferencia a un tercer pa\u00eds<\/strong><\/p>\n\n\n\n<p>En la medida en que los datos se procesan fuera de la UE\/EEE y no existe un nivel de protecci\u00f3n de datos correspondiente a la norma europea, hemos concluido cl\u00e1usulas contractuales est\u00e1ndar de la UE con el proveedor de servicios para establecer un nivel adecuado de protecci\u00f3n de datos.<\/p>\n\n\n\n<p><strong>Base jur\u00eddica<\/strong><\/p>\n\n\n\n<p>La base jur\u00eddica para este tratamiento de datos es su consentimiento de conformidad con el Art.6 Para.1 S.1 lit.a DSGVO.<\/p>\n\n\n\n<h5 class=\"wp-block-heading\"><strong>Formulario de contacto<\/strong><\/h5>\n\n\n\n<p>Todos los datos introducidos por usted en el formulario de contacto ser\u00e1n\ntransmitidos por correo electr\u00f3nico al operador de este sitio web y no se\nalmacenados en el servidor. Por lo tanto, es posible que su solicitud se almacene\nsu consulta en los sistemas backend utilizados (buz\u00f3n de correo\n(buz\u00f3n, sistema de administraci\u00f3n de clientes) si esto es necesario para procesar su\npara procesar su solicitud. Los terceros no tienen acceso a dichos\ndatos. Sus datos de contacto tampoco se utilizar\u00e1n para marketing\nutilizados ni transmitidos.<\/p>\n\n\n\n<div class=\"wp-block-group hidden\"><div class=\"wp-block-group__inner-container is-layout-flow wp-block-group-is-layout-flow\">\n<p><strong>Google Analytics:<\/strong><\/p>\n\n\n\n<p>Este sitio web utiliza Google Analytics, un servicio anal\u00edtico de web prestado por Google, Inc (\"Google\"). Google Analytics utiliza \"cookies\", que son archivos de texto ubicados en su ordenador, para ayudar al website a analizar el uso que hacen los usuarios del sitio web. La informaci\u00f3n que genera la cookie acerca de su uso del website (su direcci\u00f3n IP ser\u00e1 anonimizada) ser\u00e1 directamente transmitida y archivada por Google en los servidores de Estados Unidos. Google usar\u00e1 esta informaci\u00f3n por cuenta nuestra con el prop\u00f3sito de seguir la pista de su uso del website, recopilando informes de la actividad del website y prestando otros servicios relacionados con la actividad del website y el uso de Internet. Google podr\u00e1 transmitir dicha informaci\u00f3n a terceros cuando as\u00ed se lo requiera la legislaci\u00f3n, o cuando dichos terceros procesen la informaci\u00f3n por cuenta de Google. Puede Usted rechazar el tratamiento de los datos o la informaci\u00f3n rechazando el uso de cookies mediante la selecci\u00f3n de la configuraci\u00f3n apropiada de su navegador o haciendo clic en el enlace correspondiente situado despu\u00e9s de esta declaraci\u00f3n; sin embargo, debe Usted saber que si lo hace puede ser que no pueda usar la plena funcionabilidad de este website. Al utilizar este sitio web, usted consiente el tratamiento de informaci\u00f3n acerca de usted por Google en la forma y para los fines arriba indicados. <\/p>\n\n\n\n<p>[ga_optout]<\/p>\n<\/div><\/div>\n\n\n\n<h5 class=\"wp-block-heading\"><strong>Anuncios avanzados<\/strong><\/h5>\n\n\n\n<p>Este sitio utiliza el complemento Advanced Ads para mostrar y analizar anuncios. Pie de imprenta: <strong>Anuncios avanzados<\/strong> Ltd.<\/p>\n\n\n\n<p>Hans-Fallada-Stra\u00dfe 20 17489 Greifswald, Alemania, Pol\u00edtica de privacidad:&nbsp;<a href=\"https:\/\/ajdg.solutions\/terms-of-service-and-privacy-policy\/\" target=\"_blank\" rel=\"noreferrer noopener\">hhttps:\/\/wpadvancedads.com\/privacy-policy\/<\/a><\/p>\n\n\n\n<h5 class=\"wp-block-heading\"><strong>Fuentes web de Google<\/strong><\/h5>\n\n\n\n<p>Este sitio web puede contener Google Web Fonts. Se trata de un servicio\nque nos permite obtener fuentes agradables a la lectura directamente de Google.\n directamente de Google. Durante la entrega de las fuentes su direcci\u00f3n IP es\ntransmisi\u00f3n de su direcci\u00f3n IP a Google.<\/p>\n\n\n\n<h5 class=\"wp-block-heading\"><strong>Rapidmail<\/strong><\/h5>\n\n\n\n<p>E3 Magazine env\u00eda boletines a intervalos regulares. Para que pueda recibir este bolet\u00edn, recogemos algunos datos cuando se registra, que son almacenados por nuestro proveedor de boletines Rapidmail.<\/p>\n\n\n\n<p>Para suscribirse al bolet\u00edn de noticias ofrecido en nuestro sitio web, puede registrarse utilizando nuestro formulario. Utilizamos el llamado procedimiento de doble opt-in. En este caso, primero se env\u00eda un correo electr\u00f3nico de confirmaci\u00f3n a su direcci\u00f3n de correo electr\u00f3nico especificada con una solicitud de confirmaci\u00f3n. El registro s\u00f3lo se hace efectivo cuando hace clic en el enlace de activaci\u00f3n contenido en el correo electr\u00f3nico de confirmaci\u00f3n. Utilizamos los datos que nos transmite exclusivamente para el env\u00edo del bolet\u00edn de noticias, que puede contener informaci\u00f3n u ofertas.<\/p>\n\n\n\n<p>Utilizamos rapidmail para enviar nuestro bolet\u00edn de noticias. Por lo tanto, sus datos ser\u00e1n transmitidos a rapidmail GmbH. Al hacerlo, rapidmail GmbH tiene prohibido utilizar sus datos para otros fines que no sean el env\u00edo del bolet\u00edn. rapidmail GmbH no est\u00e1 autorizada a ceder o vender sus datos. rapidmail es un proveedor alem\u00e1n de software de boletines certificados, que ha sido cuidadosamente seleccionado de acuerdo con los requisitos de la DSGVO y la BDSG.<\/p>\n\n\n\n<p>Puede revocar su consentimiento para el almacenamiento de los datos y su uso para el env\u00edo del bolet\u00edn en cualquier momento, por ejemplo, a trav\u00e9s del enlace para darse de baja que aparece en el bolet\u00edn.<\/p>\n\n\n\n<p>Al registrarse para recibir el bolet\u00edn informativo de E-3 Magazin \/ B4Bmedia.net AG, todos los datos facilitados por usted se enviar\u00e1n a Rapidmail con el fin de enviar el bolet\u00edn informativo y se almacenar\u00e1n all\u00ed.<\/p>\n\n\n\n<p>Utilizamos, de acuerdo con la normativa de protecci\u00f3n de datos de la UE, un procedimiento de \"doble aceptaci\u00f3n\" para el registro, como resultado del cual recibir\u00e1 un correo electr\u00f3nico tras el registro para confirmar su inscripci\u00f3n. Esto sirve para su protecci\u00f3n. Por supuesto, tiene la opci\u00f3n de darse de baja del bolet\u00edn en cualquier momento. Encontrar\u00e1 los enlaces correspondientes en cada correo electr\u00f3nico. Puede darse de baja enviando un correo electr\u00f3nico a <a href=\"mailto:web@b4bmedia.net\">web@b4bmedia.net<\/a> tambi\u00e9n es posible, por supuesto.<\/p>\n\n\n\n<h5 class=\"wp-block-heading\"><strong>M\u00e1s informaci\u00f3n<\/strong><\/h5>\n\n\n\n<p>Su confianza es importante para nosotros. Si a\u00fan as\u00ed tiene alguna duda, le\npreguntas sobre el tratamiento de sus datos personales y sobre este\ntratamiento de sus datos personales y sobre esta\ndeclaraci\u00f3n de protecci\u00f3n de datos. P\u00f3ngase en contacto con nosotros a trav\u00e9s del\nformulario de contacto de esta p\u00e1gina o directamente a trav\u00e9s de los\ninformaci\u00f3n de contacto que figura en el pie de imprenta.<\/p>\n\n\n\n<p><em>Fuente: El siguiente pie de imprenta se ha creado utilizando la plantilla de pie de imprenta de firmenwebseiten.at.<\/em><\/p>\n\n\n\n<h5 class=\"wp-block-heading\"><strong>Descargo de responsabilidad<\/strong><\/h5>\n\n\n\n<p>Este descargo de responsabilidad debe considerarse parte de la publicaci\u00f3n en Internet desde la que se le remiti\u00f3.\ndesde la que se hizo referencia a este sitio web. En la medida en que partes\n partes o formulaciones individuales de este texto no correspondan, ya no correspondan o no correspondan completamente\nsituaci\u00f3n jur\u00eddica, el contenido y la validez de las restantes partes del documento\npartes del documento no se ver\u00e1n afectadas en su contenido y validez.\nno se ver\u00e1n afectadas por ello.<\/p>\n\n\n\n<h5 class=\"wp-block-heading\"><strong>Responsabilidad por el contenido de este sitio web<\/strong><\/h5>\n\n\n\n<p>El contenido de estas p\u00e1ginas se ha creado con el mayor cuidado. Para\nla exactitud, integridad y actualidad de los contenidos.\nno puede garantizar la exactitud, integridad y actualidad de los contenidos.<\/p>\n\n\n\n<p>El control de otros enlaces no es razonable. En caso\nde infracciones legales, por supuesto eliminaremos dichos enlaces inmediatamente.\neliminar dichos enlaces inmediatamente.<\/p>\n\n\n\n<h5 class=\"wp-block-heading\"><strong>Responsabilidad por enlaces a sitios web de terceros<\/strong><\/h5>\n\n\n\n<p>Nuestra p\u00e1gina web contiene enlaces a p\u00e1ginas web externas de terceros.\nsobre cuyos contenidos no tenemos ninguna influencia. Por lo tanto, no podemos asumir ninguna responsabilidad por estos\nno podemos asumir ninguna responsabilidad por estos contenidos externos. El respectivo proveedor u operador de las\nrespectivo proveedor u operador de las p\u00e1ginas es responsable de los\nresponsable. Las p\u00e1ginas enlazadas fueron comprobadas en cuanto a posibles\ncomprobadas en cuanto a posibles infracciones legales en el momento de enlazarlas. Los contenidos ilegales\nno eran reconocibles en el momento de establecer el enlace. Un control\ncontrol de los contenidos de las p\u00e1ginas enlazadas no es, sin embargo\nde una violaci\u00f3n de la ley es<\/p>\n\n\n\n<h5 class=\"wp-block-heading\"><strong>Derechos de autor<\/strong><\/h5>\n\n\n\n<p>Los operadores de este sitio web se esfuerzan siempre por respetar los derechos de autor de terceros o por\nderechos de autor de terceros o a utilizar obras propias o de dominio p\u00fablico.\nobras libres de licencia. Los contenidos y obras de este sitio web creados por los\ny obras de este sitio web est\u00e1n sujetos a derechos de autor. Las contribuciones de terceros\n est\u00e1n se\u00f1aladas como tales. La duplicaci\u00f3n, procesamiento, distribuci\u00f3n\ndistribuci\u00f3n y cualquier tipo de explotaci\u00f3n fuera de los l\u00edmites del derecho de autor\nderechos de autor requieren el consentimiento por escrito del autor o creador.\nautor o creador. Las descargas y copias de este sitio son s\u00f3lo\n\u00fanicamente para uso privado y no comercial.<\/p>\n\n\n\n<h5 class=\"wp-block-heading\"><strong>Pol\u00edtica de privacidad para el uso de YouTube<\/strong><\/h5>\n\n\n\n<p>Nuestro sitio web utiliza funciones del servicio YouTube. Estas funciones son proporcionadas por YouTube, LLC, 901<br>Cherry Ave, San Bruno, CA 94066, EE.UU. Cuando visite nuestro sitio web, deber\u00e1 aceptar las cookies de YouTube para poder ver los v\u00eddeos. No utilizamos cookies adicionales, no estamos afiliados a YouTube de ninguna manera y no tenemos acceso a la informaci\u00f3n que YouTube recopila a trav\u00e9s de sus cookies.<\/p>\n\n\n\n<h5 class=\"wp-block-heading\"><strong>Datos personales<\/strong><\/h5>\n\n\n\n<p>Los datos personales que transmita electr\u00f3nicamente en este sitio web\ncomo su nombre, direcci\u00f3n de correo electr\u00f3nico, direcci\u00f3n u otros datos personales, s\u00f3lo ser\u00e1n\ndirecci\u00f3n u otros datos personales, s\u00f3lo ser\u00e1n utilizados por nosotros para los fines indicados.\ns\u00f3lo los utilizaremos para los fines indicados, los mantendremos a buen recaudo y no los transmitiremos a terceros. El\nproveedor recoge y almacena autom\u00e1ticamente informaci\u00f3n en el servidor web, como el\n navegador utilizado, el sistema operativo, la p\u00e1gina de enlace, la direcci\u00f3n IP, la hora\nde acceso, etc. Estos datos no pueden asignarse a ninguna persona concreta sin\nfuentes de datos y no evaluamos m\u00e1s estos datos mientras no se\nmientras no se haga un uso ilegal de nuestro sitio web.\nsitio web est\u00e9 presente.<\/p>\n\n\n\n<h5 class=\"wp-block-heading\"><strong>Datos del formulario y comentarios<\/strong><\/h5>\n\n\n\n<p>Formulario de contacto:<\/p>\n\n\n\n<p>Todos los datos introducidos por usted en el formulario de contacto se transmitir\u00e1n por correo electr\u00f3nico al operador de este sitio web y no se almacenar\u00e1n en el servidor. Por lo tanto, su consulta puede almacenarse en los sistemas backend utilizados (buz\u00f3n de correo, sistema de administraci\u00f3n de clientes) si es necesario para procesar su solicitud. Terceros no tienen acceso a estos datos. Sus datos de contacto tampoco se utilizar\u00e1n ni se transmitir\u00e1n con fines de marketing (salvo autorizaci\u00f3n expresa por su parte, v\u00e9anse los formularios correspondientes).<\/p>\n\n\n\n<p>B4Bmedia.net siempre se esfuerza por identificar cualquier violaci\u00f3n o filtraci\u00f3n de datos en una fase temprana y, si es necesario, informarle a usted o a la autoridad supervisora pertinente sin demora. Sus datos no se almacenar\u00e1n durante m\u00e1s tiempo del necesario para cumplir nuestras obligaciones contractuales\/legales.<\/p>\n\n\n\n<p>La protecci\u00f3n de sus datos es muy importante para nosotros. Puede ponerse en contacto con nosotros utilizando los datos de contacto que figuran en nuestro aviso legal.<\/p>\n\n\n\n<p>Le agradecemos su confianza y le saludamos atentamente.<\/p>\n\n\n\n<p>Gesti\u00f3n<\/p>\n\n\n\n<p>B4Bmedia.net AG<\/p>\n\n\n\n<p>Freilassing, 26 de febrero de 2025<\/p>\n\n\n\n<h5 class=\"wp-block-heading\"><strong>Derecho a la informaci\u00f3n<\/strong><\/h5>\n\n\n\n<p>Tiene derecho a obtener informaci\u00f3n sobre sus datos personales en cualquier momento.\ndatos almacenados sobre usted, su origen y destinatarios, y la finalidad\n del almacenamiento.<\/p>","protected":false},"excerpt":{"rendered":"<p>Aplicaci\u00f3n de las disposiciones del Reglamento general de protecci\u00f3n de datos de la UE Estimado se\u00f1or o se\u00f1ora, El Reglamento general de protecci\u00f3n de datos (RGPD) de la UE se aplica en todos los Estados miembros de la UE. Puede encontrar el texto del reglamento aqu\u00ed. Con el fin de cumplir con las disposiciones, nos gustar\u00eda informarle a continuaci\u00f3n: B4Bmedia.net AG recopila, procesa y utiliza datos personales. Esto s\u00f3lo se hace con consentimiento (ejemplo: registro de suscripci\u00f3n) y con el fin de [...]<\/p>","protected":false},"author":38,"featured_media":41904,"parent":0,"menu_order":51,"comment_status":"closed","ping_status":"closed","template":"","meta":{"_acf_changed":false,"pmpro_default_level":"","footnotes":""},"coauthors":[19920],"class_list":["post-41901","page","type-page","status-publish","has-post-thumbnail","hentry","pmpro-has-access"],"acf":[],"featured_image_urls_v2":{"full":["https:\/\/e326.greatsolution.dev\/wp-content\/uploads\/2018\/05\/EU-DSGVO.jpg",1000,366,false],"thumbnail":["https:\/\/e326.greatsolution.dev\/wp-content\/uploads\/2018\/05\/EU-DSGVO-150x150.jpg",150,150,true],"medium":["https:\/\/e326.greatsolution.dev\/wp-content\/uploads\/2018\/05\/EU-DSGVO.jpg",400,146,false],"medium_large":["https:\/\/e326.greatsolution.dev\/wp-content\/uploads\/2018\/05\/EU-DSGVO-768x281.jpg",768,281,true],"large":["https:\/\/e326.greatsolution.dev\/wp-content\/uploads\/2018\/05\/EU-DSGVO.jpg",1000,366,false],"image-100":["https:\/\/e326.greatsolution.dev\/wp-content\/uploads\/2018\/05\/EU-DSGVO-100x37.jpg",100,37,true],"image-480":["https:\/\/e326.greatsolution.dev\/wp-content\/uploads\/2018\/05\/EU-DSGVO-480x176.jpg",480,176,true],"image-640":["https:\/\/e326.greatsolution.dev\/wp-content\/uploads\/2018\/05\/EU-DSGVO-640x234.jpg",640,234,true],"image-720":["https:\/\/e326.greatsolution.dev\/wp-content\/uploads\/2018\/05\/EU-DSGVO-720x264.jpg",720,264,true],"image-960":["https:\/\/e326.greatsolution.dev\/wp-content\/uploads\/2018\/05\/EU-DSGVO-960x351.jpg",960,351,true],"image-1168":["https:\/\/e326.greatsolution.dev\/wp-content\/uploads\/2018\/05\/EU-DSGVO.jpg",1000,366,false],"image-1440":["https:\/\/e326.greatsolution.dev\/wp-content\/uploads\/2018\/05\/EU-DSGVO.jpg",1000,366,false],"image-1920":["https:\/\/e326.greatsolution.dev\/wp-content\/uploads\/2018\/05\/EU-DSGVO.jpg",1000,366,false],"1536x1536":["https:\/\/e326.greatsolution.dev\/wp-content\/uploads\/2018\/05\/EU-DSGVO.jpg",1000,366,false],"2048x2048":["https:\/\/e326.greatsolution.dev\/wp-content\/uploads\/2018\/05\/EU-DSGVO.jpg",1000,366,false],"trp-custom-language-flag":["https:\/\/e326.greatsolution.dev\/wp-content\/uploads\/2018\/05\/EU-DSGVO.jpg",18,7,false],"bricks_large_16x9":["https:\/\/e326.greatsolution.dev\/wp-content\/uploads\/2018\/05\/EU-DSGVO.jpg",1000,366,false],"bricks_large":["https:\/\/e326.greatsolution.dev\/wp-content\/uploads\/2018\/05\/EU-DSGVO.jpg",1000,366,false],"bricks_large_square":["https:\/\/e326.greatsolution.dev\/wp-content\/uploads\/2018\/05\/EU-DSGVO.jpg",1000,366,false],"bricks_medium":["https:\/\/e326.greatsolution.dev\/wp-content\/uploads\/2018\/05\/EU-DSGVO.jpg",600,220,false],"bricks_medium_square":["https:\/\/e326.greatsolution.dev\/wp-content\/uploads\/2018\/05\/EU-DSGVO.jpg",600,220,false],"profile_24":["https:\/\/e326.greatsolution.dev\/wp-content\/uploads\/2018\/05\/EU-DSGVO-24x24.jpg",24,24,true],"profile_48":["https:\/\/e326.greatsolution.dev\/wp-content\/uploads\/2018\/05\/EU-DSGVO-48x48.jpg",48,48,true],"profile_96":["https:\/\/e326.greatsolution.dev\/wp-content\/uploads\/2018\/05\/EU-DSGVO-96x96.jpg",96,96,true],"profile_150":["https:\/\/e326.greatsolution.dev\/wp-content\/uploads\/2018\/05\/EU-DSGVO-150x150.jpg",150,150,true],"profile_300":["https:\/\/e326.greatsolution.dev\/wp-content\/uploads\/2018\/05\/EU-DSGVO-300x300.jpg",300,300,true]},"post_excerpt_stackable_v2":"<p>Sehr geehrte Damen und Herren, Die EU Datenschutz-Grundverordnung (DSGVO) gilt in allen EU-Staaten. Den Text der Verordnung finden Sie hier. Um den Bestimmungen nachzukommen, d\u00fcrfen wir Sie nachfolgend informieren: Die B4Bmedia.net AG erhebt, verarbeitet und nutzt personenbezogene Daten. Dies geschieht nur unter Einwilligung (Beispiel: Abonnement-Anmeldung) und zum Zwecke der von uns gebotenen Serviceleistungen und gem\u00e4\u00df den Bestimmungen der DSGVO. Wir folgen dabei selbstverst\u00e4ndlich den datenschutz- und zivilrechtlichen Bestimmungen. Weiteres sind von der Erhebung von personenbezogenen Daten ausschlie\u00dflich jene Daten betroffen, welche f\u00fcr die Durchf\u00fchrung der jeweiligen Serviceleistung notwendig sind, oder welche Sie uns freiwillig zur Verf\u00fcgung gestellt haben. Unter personenbezogenen&hellip;<\/p>\n","category_list_v2":"","author_info_v2":{"name":"Revista E-3","url":"https:\/\/e326.greatsolution.dev\/es\/author\/e-3-magazin\/"},"comments_num_v2":"0 comentarios","_links":{"self":[{"href":"https:\/\/e326.greatsolution.dev\/es\/wp-json\/wp\/v2\/pages\/41901","targetHints":{"allow":["GET"]}}],"collection":[{"href":"https:\/\/e326.greatsolution.dev\/es\/wp-json\/wp\/v2\/pages"}],"about":[{"href":"https:\/\/e326.greatsolution.dev\/es\/wp-json\/wp\/v2\/types\/page"}],"author":[{"embeddable":true,"href":"https:\/\/e326.greatsolution.dev\/es\/wp-json\/wp\/v2\/users\/38"}],"replies":[{"embeddable":true,"href":"https:\/\/e326.greatsolution.dev\/es\/wp-json\/wp\/v2\/comments?post=41901"}],"version-history":[{"count":5,"href":"https:\/\/e326.greatsolution.dev\/es\/wp-json\/wp\/v2\/pages\/41901\/revisions"}],"predecessor-version":[{"id":149700,"href":"https:\/\/e326.greatsolution.dev\/es\/wp-json\/wp\/v2\/pages\/41901\/revisions\/149700"}],"wp:featuredmedia":[{"embeddable":true,"href":"https:\/\/e326.greatsolution.dev\/es\/wp-json\/wp\/v2\/media\/41904"}],"wp:attachment":[{"href":"https:\/\/e326.greatsolution.dev\/es\/wp-json\/wp\/v2\/media?parent=41901"}],"wp:term":[{"taxonomy":"author","embeddable":true,"href":"https:\/\/e326.greatsolution.dev\/es\/wp-json\/wp\/v2\/coauthors?post=41901"}],"curies":[{"name":"wp","href":"https:\/\/api.w.org\/{rel}","templated":true}]}}